{"id":13,"date":"2013-09-19T20:18:06","date_gmt":"2013-09-19T20:18:06","guid":{"rendered":"http:\/\/valledeparedes.wordpress.com\/?page_id=13"},"modified":"2013-09-19T20:18:06","modified_gmt":"2013-09-19T20:18:06","slug":"fiestas-y-actividades","status":"publish","type":"page","link":"https:\/\/valledeparedes.es\/?page_id=13","title":{"rendered":"Fiestas y actividades"},"content":{"rendered":"<p><span style=\"text-decoration:underline;color:#339966;\"><strong>Muestra de Oficios y Costumbres del Medio Rural<\/strong><\/span><br \/>\nDesde el a\u00f1o 2003,\u00a0el viernes y el S\u00e1bado de Semana Santa se celebra una feria, organizada por la AA.VV. con el fin de recordar y dar a conocer la forma de trabajar y vivir de nuestros antepasados, as\u00ed como ofrecer al visitante productos naturales y artesanales.<\/p>\n<p>-Hay artesanos trabajando \u00aben vivo\u00bb, como el madre\u00f1ero, cestero, ferreiro, trabajos en piedra, desnatadora y fabricaci\u00f3n de mantequilla, hilandera y confecci\u00f3n de prendas de lana.<br \/>\n-Stands en los que se puede degustar y comprar nuestras producciones y elaboraciones: embutidos, miel, nueces, avellanas, alfiladas, freixuelos, rosquillas, empanadas, bollos pre\u00f1aos, quesos, mermeladas, licores, etc.<br \/>\n-Tambi\u00e9n hay talleres infantiles de cer\u00e1mica e iniciaci\u00f3n a la pesca en una balsa de truchas.<\/p>\n<p>Los bares-restaurantes de San Pedro ofrecen un men\u00fa compuesto de pote, compango casero y arroz con leche.<br \/>\nTambi\u00e9n se dispone de carpas con pulpo de Galicia, costillas, bocadillos y hamburguesas.<\/p>\n<p>En el montaje, instalaci\u00f3n y funcionamiento de la feria participa todo el pueblo, cooperando para su buen desarrollo.<\/p>\n\n<p><span style=\"text-decoration:underline;color:#339966;\"><strong>Descenso ecol\u00f3gico del R\u00edo Esva<\/strong><\/span><br \/>\nDesde el a\u00f1o 1995, el segundo o tercer s\u00e1bado del mes de agosto, se celebra el \u201cDescenso Ecol\u00f3gico del R\u00edo Esva\u201d, organizado por la AA.VV.<br \/>\nEl descenso no tiene car\u00e1cter competitivo, el objetivo es limpiar la suciedad acumulada en las orillas del r\u00edo, en el tramo comprendido entre Ag\u00fcera y San Pedro, y entregarla en meta a la organizaci\u00f3n para su tratamiento. Para ello, la organizaci\u00f3n facilita sacos a cada participante.<\/p>\n<p>A partir de las 12:30 los participantes comienzan el descenso, y una vez en San Pedro, se celebra una comida-merienda en el campo de la AA.VV.<\/p>\n<p><span style=\"text-decoration:underline;\"><strong>Reglamento de participaci\u00f3n:<\/strong><\/span><br \/>\n&#8211; Distancia: 5 Km. aproximadamente<br \/>\n&#8211; Salida: Centro de Interpretaci\u00f3n Hoces del Esva &#8211; Ag\u00fcera<br \/>\n&#8211; Llegada: Puente de Vega Langa (Baulanga) &#8211; San Pedro de Paredes<br \/>\n&#8211; Participante: todos los que se inscriban, siempre y cuando sepan nadar y tengan al menos 15 a\u00f1os.<br \/>\n&#8211; Inscripciones: Se realizan el mismo d\u00eda antes de la salida, en el Centro de Interpretaci\u00f3n.<br \/>\nCada participante mostrar\u00e1 su embarcaci\u00f3n, entendi\u00e9ndose como tal cualquier embarcaci\u00f3n que consiga flotar y el equipo que utilizar\u00e1n en el descenso. Se entregar\u00e1 a cada embarcaci\u00f3n un saco donde almacenar\u00e1n la basura que recojan a lo largo del recorrido.<br \/>\n&#8211; Entrega de trofeos: se entregar\u00e1n medallas conmemorativas a todos los participantes que completen el recorrido antes de las 15:30.<br \/>\n&#8211; Recordamos a los participantes que lo hacen libre y voluntariamente, eximiendo a la organizaci\u00f3n de toda responsabilidad en caso de accidente.<\/p>\n\n<p><span style=\"color:#339966;\"><strong><span style=\"text-decoration:underline;\">Cabalgata de Reyes Magos y Bel\u00e9n viviente<\/span><\/strong><\/span><br \/>\nEl d\u00eda 5 de enero por la noche se realiza un Bel\u00e9n viviente en la Iglesia, seguido por la Cabalgata y Adoraci\u00f3n de los Reyes Magos.<\/p>\n<p>Posteriormente, los Reyes Magos se dirigen a las escuelas de San Pedro, donde atienden las peticiones de los ni\u00f1os y ni\u00f1as, y les entregan regalos.<\/p>\n<p>Por \u00faltimo, la AA.VV. ofrece chocolate caliente y bizcochos a los asistentes.<\/p>\n\n<p><span style=\"color:#339966;\"><strong><span style=\"text-decoration:underline;\">D\u00eda del socio<\/span><\/strong><\/span><br \/>\nDesde el a\u00f1o 2000, la AA.VV. celebra el d\u00eda del Socio el primer \u00f3 segundo s\u00e1bado del mes de Agosto.<br \/>\nSe celebra una una misa en honor a los socios fallecidos, y posteriormente, entorno a las 22:00h, se reparte el bollo pre\u00f1ao, tanto para socios como invitados.<br \/>\nA continuaci\u00f3n se celebra la verbena amenizada por un grupo musical.<\/p>\n<p><span style=\"color:#339966;\"><strong><span style=\"text-decoration:underline;\">Cursos<\/span><\/strong><\/span><br \/>\nA trav\u00e9s de la AA.VV. se han realizado los siguientes cursos:<br \/>\n-Mujeres en la historia y teatro.<br \/>\n-Tiempo Propio (para mujeres mayores de 50 a\u00f1os): \u00abEnvejecimiento saludable\u00bb, \u00abSalud\u00bb y \u00abMovimiento Saludable\u00bb.<br \/>\n-Clases de Yoga<br \/>\n-Taller de Memoria.<br \/>\n-Talleres p\u00fablicos en el Centro de Interpretaci\u00f3n.<\/p>\n<p><span style=\"text-decoration:underline;color:#339966;\"><strong>Excursiones<\/strong><\/span><br \/>\nEn el 2009 se visita el museo etnogr\u00e1fico de Grandas de Salime y la casa original del Conde de Sargadelos en Santa Eulalia de Oscos.<br \/>\nEn 2010 se visita el Parque de Cab\u00e1rceno (Santander).<br \/>\nEn 2011 se visita el museo minero y jur\u00e1sico.<br \/>\nEn 2012 se visita la capital de Le\u00f3n.<br \/>\nEn 2013 se visita al Acuario, la Laboral y el Jard\u00edn Bot\u00e1nico de Gij\u00f3n.<br \/>\nEn 2014 se visita Villanueva de Oscos y Taramundi, y Covadonga.<br \/>\nEn 2015 se visita Fonsagrada y se realiza la ruta de las Hoces del Esva.<br \/>\nEn 2016 se visita\u00a0Langreo y El Entrego, as\u00ed como Valdebimbre y Le\u00f3n.<\/p>\n","protected":false},"excerpt":{"rendered":"<p>Muestra de Oficios y Costumbres del Medio Rural Desde el a\u00f1o 2003,\u00a0el viernes y el S\u00e1bado de Semana Santa se celebra una feria, organizada por la AA.VV. con el fin de recordar y dar a conocer la forma de trabajar y vivir de nuestros antepasados, as\u00ed como ofrecer al visitante productos naturales y artesanales. -Hay [&hellip;]<\/p>\n","protected":false},"author":2,"featured_media":0,"parent":0,"menu_order":6,"comment_status":"open","ping_status":"open","template":"","meta":{"footnotes":""},"class_list":["post-13","page","type-page","status-publish","hentry"],"aioseo_notices":[],"_links":{"self":[{"href":"https:\/\/valledeparedes.es\/index.php?rest_route=\/wp\/v2\/pages\/13","targetHints":{"allow":["GET"]}}],"collection":[{"href":"https:\/\/valledeparedes.es\/index.php?rest_route=\/wp\/v2\/pages"}],"about":[{"href":"https:\/\/valledeparedes.es\/index.php?rest_route=\/wp\/v2\/types\/page"}],"author":[{"embeddable":true,"href":"https:\/\/valledeparedes.es\/index.php?rest_route=\/wp\/v2\/users\/2"}],"replies":[{"embeddable":true,"href":"https:\/\/valledeparedes.es\/index.php?rest_route=%2Fwp%2Fv2%2Fcomments&post=13"}],"version-history":[{"count":0,"href":"https:\/\/valledeparedes.es\/index.php?rest_route=\/wp\/v2\/pages\/13\/revisions"}],"wp:attachment":[{"href":"https:\/\/valledeparedes.es\/index.php?rest_route=%2Fwp%2Fv2%2Fmedia&parent=13"}],"curies":[{"name":"wp","href":"https:\/\/api.w.org\/{rel}","templated":true}]}}