{"id":151,"date":"2013-09-19T20:07:19","date_gmt":"2013-09-19T20:07:19","guid":{"rendered":"http:\/\/valledeparedes.wordpress.com\/?page_id=5"},"modified":"2023-11-21T10:11:07","modified_gmt":"2023-11-21T09:11:07","slug":"el-valle","status":"publish","type":"page","link":"https:\/\/valledeparedes.es\/?page_id=151","title":{"rendered":"El Valle"},"content":{"rendered":"<p>El Valle de Paredes, es un valle situado en el sur del concejo asturiano de Vald\u00e9s, y perteneciente a la Parroquia de Paredes. Est\u00e1 situado a unos 25 km aproximadamente de Luarca, la capital del concejo.<\/p>\n<p>El Valle de Paredes es el resultado del trabajo de erosi\u00f3n realizado por el R\u00edo Esva a trav\u00e9s de los siglos, al igual que las Hoces del Esva declaradas Monumento Natural en el a\u00f1o 2001.\u00a0Su orograf\u00eda le protege de los fr\u00edos vientos del norte y le abren al sur, con lo que posee un microclima favorable a los cultivos de hortalizas y frutales. Tiene una altitud media de 200 m.<\/p>\n<p>El Valle y la Parroquia de Paredes han sido galardonados en el a\u00f1o 2001 con el <a href=\"http:\/\/www.fpa.es\/es\/premio-al-pueblo-ejemplar-de-asturias\/galardonados\/valle-y-parroquia-de-paredes.html?anio=2001&amp;texto=informacion&amp;especifica=0\" target=\"_blank\" rel=\"noopener\">Premio al Pueblo Ejemplar <\/a>de Asturias.<\/p>\n<p>Los pueblos que componen el Valle de Paredes son:<br \/>\nParedes<br \/>\nSan Pedro de Paredes<br \/>\nLa Vega<br \/>\nFan\u00f3n<br \/>\nEl Castiello<br \/>\nEl Rebollar<br \/>\nLa LLamiella<br \/>\nLa Puchica<br \/>\nLa Candana<br \/>\nLa Cruz<br \/>\nGranda<br \/>\nSan Vicente<br \/>\nPi\u00f1era<br \/>\nLas Corradas<br \/>\nLa Serrantina<br \/>\nLongrey<br \/>\nEl Suco<br \/>\nBustiello<br \/>\nAg\u00fcera<br \/>\nOvienes<br \/>\nLa Malata<\/p>\n","protected":false},"excerpt":{"rendered":"<p>El Valle de Paredes, es un valle situado en el sur del concejo asturiano de Vald\u00e9s, y perteneciente a la Parroquia de Paredes. Est\u00e1 situado a unos 25 km aproximadamente de Luarca, la capital del concejo. El Valle de Paredes es el resultado del trabajo de erosi\u00f3n realizado por el R\u00edo Esva a trav\u00e9s de [&hellip;]<\/p>\n","protected":false},"author":2,"featured_media":0,"parent":0,"menu_order":1,"comment_status":"open","ping_status":"open","template":"","meta":{"footnotes":""},"class_list":["post-151","page","type-page","status-publish","hentry"],"aioseo_notices":[],"_links":{"self":[{"href":"https:\/\/valledeparedes.es\/index.php?rest_route=\/wp\/v2\/pages\/151","targetHints":{"allow":["GET"]}}],"collection":[{"href":"https:\/\/valledeparedes.es\/index.php?rest_route=\/wp\/v2\/pages"}],"about":[{"href":"https:\/\/valledeparedes.es\/index.php?rest_route=\/wp\/v2\/types\/page"}],"author":[{"embeddable":true,"href":"https:\/\/valledeparedes.es\/index.php?rest_route=\/wp\/v2\/users\/2"}],"replies":[{"embeddable":true,"href":"https:\/\/valledeparedes.es\/index.php?rest_route=%2Fwp%2Fv2%2Fcomments&post=151"}],"version-history":[{"count":2,"href":"https:\/\/valledeparedes.es\/index.php?rest_route=\/wp\/v2\/pages\/151\/revisions"}],"predecessor-version":[{"id":1627,"href":"https:\/\/valledeparedes.es\/index.php?rest_route=\/wp\/v2\/pages\/151\/revisions\/1627"}],"wp:attachment":[{"href":"https:\/\/valledeparedes.es\/index.php?rest_route=%2Fwp%2Fv2%2Fmedia&parent=151"}],"curies":[{"name":"wp","href":"https:\/\/api.w.org\/{rel}","templated":true}]}}