{"id":21,"date":"2013-09-19T20:26:38","date_gmt":"2013-09-19T20:26:38","guid":{"rendered":"http:\/\/valledeparedes.wordpress.com\/?page_id=21"},"modified":"2023-11-21T10:15:38","modified_gmt":"2023-11-21T09:15:38","slug":"como-llegar","status":"publish","type":"page","link":"https:\/\/valledeparedes.es\/?page_id=21","title":{"rendered":"Como llegar"},"content":{"rendered":"<p><span style=\"color: #339966;\"><strong><span style=\"text-decoration: underline;\">Desde Oviedo\/Gij\u00f3n\/Avil\u00e9s:<\/span><\/strong><\/span><br \/>Por la autov\u00eda A-8, se debe tomar la salida \u00abCadavedo-Cortina\u00bb, seguir la carretera AS-268 hasta Cortina. Girar a la izquierda por la N-634 direcci\u00f3n \u00abTrev\u00edas-La Espina\u00bb y continuar hasta Brieves.<br \/>En Brieves se debe girar a la derecha por la AS-221 direcci\u00f3n \u00abMer\u00e1s-Paredes\u00bb hasta Mer\u00e1s.<br \/>Por \u00faltimo, en Mer\u00e1s se debe girar a la izquierda por la AS-351 direcci\u00f3n \u00abParedes\u00bb y continuar hasta llegar al Valle de Paredes.<\/p>\n<p><strong><span style=\"text-decoration: underline;\"><span style=\"color: #339966; text-decoration: underline;\">Desde Ribadeo\/Navia:<\/span><\/span><\/strong><br \/>Por la autov\u00eda A-8 tomar la salida \u00abCadavedo-Cortina\u00bb y seguir la carretera AS-268 hasta Cortina. Girar a la izquierda por la N-634 direcci\u00f3n \u00abTrev\u00edas-La Espina\u00bb y continuar hasta Brieves.<br \/>En Brieves se debe girar a la derecha por la AS-221 direcci\u00f3n \u00abMer\u00e1s-Paredes\u00bb hasta Mer\u00e1s.<br \/>Por \u00faltimo, en Mer\u00e1s se debe girar a la izquierda por la AS-351 direcci\u00f3n \u00abParedes\u00bb y continuar hasta llegar al Valle de Paredes.<\/p>\n<p><span style=\"text-decoration: underline;\"><span style=\"color: #339966; text-decoration: underline;\"><strong>Desde Luarca:<\/strong><\/span><\/span><br \/>Para llegar desde Luarca hay varias opciones:<\/p>\n<ul>\n<li>Por la N-634 hasta Brieves,\u00a0 girar a la derecha por la AS-221 direcci\u00f3n \u00abMer\u00e1s-Paredes\u00bb hasta Mer\u00e1s. En Mer\u00e1s se debe girar a la izquierda por la AS-351 direcci\u00f3n \u00abMer\u00e1s-Paredes\u00bb y continuar hasta llegar al Valle de Paredes.<\/li>\n<li>Por la N-634 hasta Almu\u00f1a, coger el desv\u00edo hacia \u00abParedes\u00bb por la AS-351 y continuar hasta el Valle de Paredes.<\/li>\n<li>Por la AS-219, pasando por Arist\u00e9bano hasta Naraval, y coger el desv\u00edo a la izquierda direcci\u00f3n \u00abParedes\u00bb por la carretera local.<\/li>\n<\/ul>\n<p><strong><span style=\"text-decoration: underline;\"><span style=\"color: #339966; text-decoration: underline;\">Desde Tineo\/Pola de Allande:<\/span><\/span><\/strong><br \/>Por la carretera AS-219, pasando por Navelgas hasta Naraval, y coger el desv\u00edo a la derecha direcci\u00f3n \u00abParedes\u00bb por la carretera local.<\/p>\n<p><a href=\"http:\/\/valledeparedes.files.wordpress.com\/2013\/09\/mapadeparedes.jpg\"><img loading=\"lazy\" decoding=\"async\" class=\"alignnone size-medium wp-image-86\" src=\"http:\/\/valledeparedes.files.wordpress.com\/2013\/09\/mapadeparedes.jpg?w=300\" alt=\"MapadeParedes\" width=\"300\" height=\"219\" srcset=\"https:\/\/valledeparedes.es\/wp-content\/uploads\/2013\/09\/mapadeparedes.jpg 314w, https:\/\/valledeparedes.es\/wp-content\/uploads\/2013\/09\/mapadeparedes-300x220.jpg 300w\" sizes=\"auto, (max-width: 300px) 100vw, 300px\" \/><\/a><\/p>\n<p>\u00a0<\/p>\n\n\n<pre class=\"wp-block-code\"><code>\n<iframe src=\"https:\/\/www.google.com\/maps\/embed?pb=!1m18!1m12!1m3!1d2896.0823191490654!2d-6.492833173833446!3d43.45887857111204!2m3!1f0!2f0!3f0!3m2!1i1024!2i768!4f13.1!3m3!1m2!1s0xd315205d30b043b%3A0xe7c6d4de989c46c8!2s33785%20Paredes%2C%20Asturias!5e0!3m2!1ses!2ses!4v1700558129133!5m2!1ses!2ses\" width=\"600\" height=\"450\" style=\"border:0;\" allowfullscreen=\"\" loading=\"lazy\" referrerpolicy=\"no-referrer-when-downgrade\"><\/iframe>\n<\/code><\/pre>\n","protected":false},"excerpt":{"rendered":"<p>Desde Oviedo\/Gij\u00f3n\/Avil\u00e9s:Por la autov\u00eda A-8, se debe tomar la salida \u00abCadavedo-Cortina\u00bb, seguir la carretera AS-268 hasta Cortina. Girar a la izquierda por la N-634 direcci\u00f3n \u00abTrev\u00edas-La Espina\u00bb y continuar hasta Brieves.En Brieves se debe girar a la derecha por la AS-221 direcci\u00f3n \u00abMer\u00e1s-Paredes\u00bb hasta Mer\u00e1s.Por \u00faltimo, en Mer\u00e1s se debe girar a la izquierda por [&hellip;]<\/p>\n","protected":false},"author":2,"featured_media":0,"parent":0,"menu_order":13,"comment_status":"open","ping_status":"open","template":"","meta":{"footnotes":""},"class_list":["post-21","page","type-page","status-publish","hentry"],"aioseo_notices":[],"_links":{"self":[{"href":"https:\/\/valledeparedes.es\/index.php?rest_route=\/wp\/v2\/pages\/21","targetHints":{"allow":["GET"]}}],"collection":[{"href":"https:\/\/valledeparedes.es\/index.php?rest_route=\/wp\/v2\/pages"}],"about":[{"href":"https:\/\/valledeparedes.es\/index.php?rest_route=\/wp\/v2\/types\/page"}],"author":[{"embeddable":true,"href":"https:\/\/valledeparedes.es\/index.php?rest_route=\/wp\/v2\/users\/2"}],"replies":[{"embeddable":true,"href":"https:\/\/valledeparedes.es\/index.php?rest_route=%2Fwp%2Fv2%2Fcomments&post=21"}],"version-history":[{"count":4,"href":"https:\/\/valledeparedes.es\/index.php?rest_route=\/wp\/v2\/pages\/21\/revisions"}],"predecessor-version":[{"id":1632,"href":"https:\/\/valledeparedes.es\/index.php?rest_route=\/wp\/v2\/pages\/21\/revisions\/1632"}],"wp:attachment":[{"href":"https:\/\/valledeparedes.es\/index.php?rest_route=%2Fwp%2Fv2%2Fmedia&parent=21"}],"curies":[{"name":"wp","href":"https:\/\/api.w.org\/{rel}","templated":true}]}}