{"id":7,"date":"2013-09-19T20:11:57","date_gmt":"2013-09-19T20:11:57","guid":{"rendered":"http:\/\/valledeparedes.wordpress.com\/?page_id=7"},"modified":"2024-11-25T14:27:24","modified_gmt":"2024-11-25T13:27:24","slug":"que-visitar","status":"publish","type":"page","link":"https:\/\/valledeparedes.es\/?page_id=7","title":{"rendered":"Qu\u00e9 visitar"},"content":{"rendered":"<p><span style=\"color: #339966;\"><strong><span style=\"text-decoration: underline;\">Centro de Interpretaci\u00f3n de las Hoces del Esva<\/span><\/strong><\/span><br \/>\nIr a la p\u00e1gina \u00ab<a href=\"https:\/\/valledeparedes.es\/?page_id=9\">Centro de Interpretaci\u00f3n Hoces del Esva<\/a>\u00ab.<\/p>\n<p><span style=\"color: #339966;\"><strong><span style=\"text-decoration: underline;\">Dolmen y menhir<\/span><\/strong><\/span><br \/>\nEn el Valle de Paredes se encuentran testimonios del pasado como el Dolmen de Restiello, situado en las proximidades de la Vega (acceso peatonal por el monte) , el Menhir en Ovienes y la estela funeraria de la Capilla de Santiago. Todos ellos son monumentos funerarios.<\/p>\n\n\t\t<style type=\"text\/css\">\n\t\t\t#gallery-1 {\n\t\t\t\tmargin: auto;\n\t\t\t}\n\t\t\t#gallery-1 .gallery-item {\n\t\t\t\tfloat: left;\n\t\t\t\tmargin-top: 10px;\n\t\t\t\ttext-align: center;\n\t\t\t\twidth: 50%;\n\t\t\t}\n\t\t\t#gallery-1 img {\n\t\t\t\tborder: 2px solid #cfcfcf;\n\t\t\t}\n\t\t\t#gallery-1 .gallery-caption {\n\t\t\t\tmargin-left: 0;\n\t\t\t}\n\t\t\t\/* see gallery_shortcode() in wp-includes\/media.php *\/\n\t\t<\/style>\n\t\t<div id='gallery-1' class='gallery galleryid-7 gallery-columns-2 gallery-size-thumbnail'><dl class='gallery-item'>\n\t\t\t<dt class='gallery-icon landscape'>\n\t\t\t\t<a href='https:\/\/valledeparedes.es\/?attachment_id=88'><img loading=\"lazy\" decoding=\"async\" width=\"150\" height=\"150\" src=\"https:\/\/valledeparedes.es\/wp-content\/uploads\/2013\/09\/dolmen-150x150.jpg\" class=\"attachment-thumbnail size-thumbnail\" alt=\"\" aria-describedby=\"gallery-1-88\" \/><\/a>\n\t\t\t<\/dt>\n\t\t\t\t<dd class='wp-caption-text gallery-caption' id='gallery-1-88'>\n\t\t\t\tDolmen\n\t\t\t\t<\/dd><\/dl><dl class='gallery-item'>\n\t\t\t<dt class='gallery-icon landscape'>\n\t\t\t\t<a href='https:\/\/valledeparedes.es\/?attachment_id=112'><img loading=\"lazy\" decoding=\"async\" width=\"150\" height=\"150\" src=\"https:\/\/valledeparedes.es\/wp-content\/uploads\/2013\/09\/dscf3503-150x150.jpg\" class=\"attachment-thumbnail size-thumbnail\" alt=\"\" \/><\/a>\n\t\t\t<\/dt><\/dl><br style=\"clear: both\" \/>\n\t\t<\/div>\n\n<p><strong><span style=\"text-decoration: underline; color: #339966;\">Antigua central el\u00e9ctrica y embalse<\/span><\/strong><br \/>\nLa antigua central el\u00e9ctrica (Electra del Esva) est\u00e1 situada junto al R\u00edo Esva, a mitad de camino entre el puente de San Pedro y el puente de Bustiello. Se encuentra abandonada pero a\u00fan posee parte de su maquinaria interior.<br \/>\nLas obras, que comenzaron sobre 1910, duraron unos 12 a\u00f1os. Adem\u00e1s, se construy\u00f3 un t\u00fanel y una presa que dirig\u00eda el agua hacia el t\u00fanel, unos metros m\u00e1s abajo del embalse. Solo en su construcci\u00f3n se invirtieron cuatro a\u00f1os.<\/p>\n<p>Las turbinas y el resto de m\u00e1quinas se bajaron por el r\u00edo, en carros tirados por bueyes. Adem\u00e1s fue necesario construir el puente de El Suco, y el camino entre Pi\u00f1era y Caborno para transportar el material.<\/p>\n<p>Una vez terminadas las obras, se empezaron a instalar las l\u00edneas para dar servicio\u00a0el\u00e9ctrico a los vecinos. Se decidi\u00f3 que la primera ser\u00eda la l\u00ednea que ir\u00eda por Busindre a Luarca, y despu\u00e9s se hizo la general que pasaba de Paredes a Trev\u00edas, y posteriormente a todos los pueblos de la costa.<\/p>\n<p>Se trabajaba las 24 horas en tres turnos. Estuvo en funcionamiento hasta noviembre de 1972.<\/p>\n<p>La central dispon\u00eda del \u00fanico tel\u00e9fono de toda la zona para comunicarse con Luarca (donde estaban las oficinas). No s\u00f3lo se utilizaba para comunicaci\u00f3n de la empresa, sino que tambi\u00e9n se comunicaban nacimientos, defunciones, etc.<\/p>\n<p>El embalse se utiliz\u00f3 para retener el agua y regular el caudal del rio, puesto que m\u00e1s abajo se desviaba parte de su caudal por el t\u00fanel hacia las turbinas de la central.<br \/>\nMantiene su estructura principal pero no las compuertas.<\/p>\n<p><span style=\"color: #339966;\"><strong><span style=\"text-decoration: underline;\">R\u00edo Esva y sus afluentes<\/span><\/strong><\/span><br \/>\nEl R\u00edo Esva atraviesa el Valle de Paredes, y junto su entorno forma el Paisaje protegido de la Cuenca del Esva y el Monumento natural de las Hoces del Esva.\u00a0 Tiene zonas libres de pesca y cotos, con y sin muerte, para trucha y salm\u00f3n.<\/p>\n\n<p><span style=\"color: #339966;\"><strong><span style=\"text-decoration: underline;\">Puentes<\/span><\/strong><\/span><br \/>\nExisten dos puentes, uno romano sobre el r\u00edo La Vieya (Candan\u00edn) y otro de estilo rom\u00e1nico (Puente de Vega Langa), situado en San Pedro.<\/p>\n\n\t\t<style type=\"text\/css\">\n\t\t\t#gallery-3 {\n\t\t\t\tmargin: auto;\n\t\t\t}\n\t\t\t#gallery-3 .gallery-item {\n\t\t\t\tfloat: left;\n\t\t\t\tmargin-top: 10px;\n\t\t\t\ttext-align: center;\n\t\t\t\twidth: 33%;\n\t\t\t}\n\t\t\t#gallery-3 img {\n\t\t\t\tborder: 2px solid #cfcfcf;\n\t\t\t}\n\t\t\t#gallery-3 .gallery-caption {\n\t\t\t\tmargin-left: 0;\n\t\t\t}\n\t\t\t\/* see gallery_shortcode() in wp-includes\/media.php *\/\n\t\t<\/style>\n\t\t<div id='gallery-3' class='gallery galleryid-7 gallery-columns-3 gallery-size-thumbnail'><dl class='gallery-item'>\n\t\t\t<dt class='gallery-icon portrait'>\n\t\t\t\t<a href='https:\/\/valledeparedes.es\/?attachment_id=114'><img loading=\"lazy\" decoding=\"async\" width=\"150\" height=\"150\" src=\"https:\/\/valledeparedes.es\/wp-content\/uploads\/2013\/09\/paredes-150x150.jpg\" class=\"attachment-thumbnail size-thumbnail\" alt=\"\" \/><\/a>\n\t\t\t<\/dt><\/dl><dl class='gallery-item'>\n\t\t\t<dt class='gallery-icon landscape'>\n\t\t\t\t<a href='https:\/\/valledeparedes.es\/?attachment_id=108'><img loading=\"lazy\" decoding=\"async\" width=\"150\" height=\"150\" src=\"https:\/\/valledeparedes.es\/wp-content\/uploads\/2013\/09\/dscf3296-150x150.jpg\" class=\"attachment-thumbnail size-thumbnail\" alt=\"\" \/><\/a>\n\t\t\t<\/dt><\/dl><dl class='gallery-item'>\n\t\t\t<dt class='gallery-icon landscape'>\n\t\t\t\t<a href='https:\/\/valledeparedes.es\/?attachment_id=91'><img loading=\"lazy\" decoding=\"async\" width=\"150\" height=\"150\" src=\"https:\/\/valledeparedes.es\/wp-content\/uploads\/2013\/09\/dscf2868-150x150.jpg\" class=\"attachment-thumbnail size-thumbnail\" alt=\"\" aria-describedby=\"gallery-3-91\" \/><\/a>\n\t\t\t<\/dt>\n\t\t\t\t<dd class='wp-caption-text gallery-caption' id='gallery-3-91'>\n\t\t\t\tPuente Rio Candanin\n\t\t\t\t<\/dd><\/dl><br style=\"clear: both\" \/>\n\t\t<\/div>\n\n<p><span style=\"color: #339966;\"><strong><span style=\"text-decoration: underline;\">Iglesias y capillas<\/span><\/strong><\/span><br \/>\nLa Iglesia Parroquial\u00a0 situada en San Pedro, de base rom\u00e1nica con sucesivas ampliaciones, es del siglo XVIII. Posee un magn\u00edfico retablo, as\u00ed como im\u00e1genes de Jes\u00fas en la Cruz, San Pedro y la Virgen de los Dolores.<br \/>\nEn distintos lugares del Valle se erigen capillas: Santiago en Ovienes, Angel de la Guarda en Longrey, El Carmen en el Aspla, Santa Marina en Paredes y Las Mercedes en La Vega.<\/p>\n\n\t\t<style type=\"text\/css\">\n\t\t\t#gallery-4 {\n\t\t\t\tmargin: auto;\n\t\t\t}\n\t\t\t#gallery-4 .gallery-item {\n\t\t\t\tfloat: left;\n\t\t\t\tmargin-top: 10px;\n\t\t\t\ttext-align: center;\n\t\t\t\twidth: 33%;\n\t\t\t}\n\t\t\t#gallery-4 img {\n\t\t\t\tborder: 2px solid #cfcfcf;\n\t\t\t}\n\t\t\t#gallery-4 .gallery-caption {\n\t\t\t\tmargin-left: 0;\n\t\t\t}\n\t\t\t\/* see gallery_shortcode() in wp-includes\/media.php *\/\n\t\t<\/style>\n\t\t<div id='gallery-4' class='gallery galleryid-7 gallery-columns-3 gallery-size-thumbnail'><dl class='gallery-item'>\n\t\t\t<dt class='gallery-icon portrait'>\n\t\t\t\t<a href='https:\/\/valledeparedes.es\/?attachment_id=100'><img loading=\"lazy\" decoding=\"async\" width=\"150\" height=\"150\" src=\"https:\/\/valledeparedes.es\/wp-content\/uploads\/2013\/09\/dscf2944-150x150.jpg\" class=\"attachment-thumbnail size-thumbnail\" alt=\"\" aria-describedby=\"gallery-4-100\" \/><\/a>\n\t\t\t<\/dt>\n\t\t\t\t<dd class='wp-caption-text gallery-caption' id='gallery-4-100'>\n\t\t\t\tIglesia de San Pedro\n\t\t\t\t<\/dd><\/dl><dl class='gallery-item'>\n\t\t\t<dt class='gallery-icon landscape'>\n\t\t\t\t<a href='https:\/\/valledeparedes.es\/?attachment_id=128'><img loading=\"lazy\" decoding=\"async\" width=\"150\" height=\"150\" src=\"https:\/\/valledeparedes.es\/wp-content\/uploads\/2013\/10\/iglesia_san_pedro-150x150.jpg\" class=\"attachment-thumbnail size-thumbnail\" alt=\"\" aria-describedby=\"gallery-4-128\" \/><\/a>\n\t\t\t<\/dt>\n\t\t\t\t<dd class='wp-caption-text gallery-caption' id='gallery-4-128'>\n\t\t\t\tIglesia de San Pedro\n\t\t\t\t<\/dd><\/dl><dl class='gallery-item'>\n\t\t\t<dt class='gallery-icon landscape'>\n\t\t\t\t<a href='https:\/\/valledeparedes.es\/?attachment_id=125'><img loading=\"lazy\" decoding=\"async\" width=\"150\" height=\"150\" src=\"https:\/\/valledeparedes.es\/wp-content\/uploads\/2013\/10\/dscf3052-150x150.jpg\" class=\"attachment-thumbnail size-thumbnail\" alt=\"\" aria-describedby=\"gallery-4-125\" \/><\/a>\n\t\t\t<\/dt>\n\t\t\t\t<dd class='wp-caption-text gallery-caption' id='gallery-4-125'>\n\t\t\t\tCapilla del Carmen\n\t\t\t\t<\/dd><\/dl><br style=\"clear: both\" \/><dl class='gallery-item'>\n\t\t\t<dt class='gallery-icon landscape'>\n\t\t\t\t<a href='https:\/\/valledeparedes.es\/?attachment_id=124'><img loading=\"lazy\" decoding=\"async\" width=\"150\" height=\"150\" src=\"https:\/\/valledeparedes.es\/wp-content\/uploads\/2013\/10\/dscf2924-150x150.jpg\" class=\"attachment-thumbnail size-thumbnail\" alt=\"\" aria-describedby=\"gallery-4-124\" \/><\/a>\n\t\t\t<\/dt>\n\t\t\t\t<dd class='wp-caption-text gallery-caption' id='gallery-4-124'>\n\t\t\t\tCapilla de Santiago\n\t\t\t\t<\/dd><\/dl><dl class='gallery-item'>\n\t\t\t<dt class='gallery-icon landscape'>\n\t\t\t\t<a href='https:\/\/valledeparedes.es\/?attachment_id=130'><img loading=\"lazy\" decoding=\"async\" width=\"150\" height=\"150\" src=\"https:\/\/valledeparedes.es\/wp-content\/uploads\/2013\/10\/dscf3034-150x150.jpg\" class=\"attachment-thumbnail size-thumbnail\" alt=\"\" aria-describedby=\"gallery-4-130\" \/><\/a>\n\t\t\t<\/dt>\n\t\t\t\t<dd class='wp-caption-text gallery-caption' id='gallery-4-130'>\n\t\t\t\tCapilla del \u00c1ngel\n\t\t\t\t<\/dd><\/dl><dl class='gallery-item'>\n\t\t\t<dt class='gallery-icon landscape'>\n\t\t\t\t<a href='https:\/\/valledeparedes.es\/?attachment_id=127'><img loading=\"lazy\" decoding=\"async\" width=\"150\" height=\"150\" src=\"https:\/\/valledeparedes.es\/wp-content\/uploads\/2013\/10\/dscf3517-150x150.jpg\" class=\"attachment-thumbnail size-thumbnail\" alt=\"\" aria-describedby=\"gallery-4-127\" \/><\/a>\n\t\t\t<\/dt>\n\t\t\t\t<dd class='wp-caption-text gallery-caption' id='gallery-4-127'>\n\t\t\t\tCapilla de las Mercedes\n\t\t\t\t<\/dd><\/dl><br style=\"clear: both\" \/>\n\t\t<\/div>\n\n<p><span style=\"text-decoration: underline;\"><strong><span style=\"color: #339966; text-decoration: underline;\">Arquitectura popular<\/span><\/strong><\/span><br \/>\nEn el Valle de Paredes se encuentran grandes casas de piedra, h\u00f3rreos y paneras, molinos de agua, pozos y fuentes.<\/p>\n\n<p><strong><span style=\"text-decoration: underline; color: #339966;\">Artesan\u00eda<\/span><\/strong><br \/>\nEn el valle de Paredes se conservan algunos oficios\u00a0como el cestero, que realiza los cestos y maniegos trenzados con blingas (tiras de madera). Adem\u00e1s, tambi\u00e9n hay artesanos que se dedican la talla de madera o la fabricaci\u00f3n de h\u00f3rreos, paneras, barcos en miniatura como forma de ocio.<\/p>\n\n\t\t<style type=\"text\/css\">\n\t\t\t#gallery-6 {\n\t\t\t\tmargin: auto;\n\t\t\t}\n\t\t\t#gallery-6 .gallery-item {\n\t\t\t\tfloat: left;\n\t\t\t\tmargin-top: 10px;\n\t\t\t\ttext-align: center;\n\t\t\t\twidth: 33%;\n\t\t\t}\n\t\t\t#gallery-6 img {\n\t\t\t\tborder: 2px solid #cfcfcf;\n\t\t\t}\n\t\t\t#gallery-6 .gallery-caption {\n\t\t\t\tmargin-left: 0;\n\t\t\t}\n\t\t\t\/* see gallery_shortcode() in wp-includes\/media.php *\/\n\t\t<\/style>\n\t\t<div id='gallery-6' class='gallery galleryid-7 gallery-columns-3 gallery-size-thumbnail'><dl class='gallery-item'>\n\t\t\t<dt class='gallery-icon landscape'>\n\t\t\t\t<a href='https:\/\/valledeparedes.es\/?attachment_id=139'><img loading=\"lazy\" decoding=\"async\" width=\"150\" height=\"150\" src=\"https:\/\/valledeparedes.es\/wp-content\/uploads\/2013\/10\/dscf3672-150x150.jpg\" class=\"attachment-thumbnail size-thumbnail\" alt=\"\" aria-describedby=\"gallery-6-139\" \/><\/a>\n\t\t\t<\/dt>\n\t\t\t\t<dd class='wp-caption-text gallery-caption' id='gallery-6-139'>\n\t\t\t\tH\u00f3rreo\n\t\t\t\t<\/dd><\/dl><dl class='gallery-item'>\n\t\t\t<dt class='gallery-icon landscape'>\n\t\t\t\t<a href='https:\/\/valledeparedes.es\/?attachment_id=140'><img loading=\"lazy\" decoding=\"async\" width=\"150\" height=\"150\" src=\"https:\/\/valledeparedes.es\/wp-content\/uploads\/2013\/10\/dscf3674-150x150.jpg\" class=\"attachment-thumbnail size-thumbnail\" alt=\"\" aria-describedby=\"gallery-6-140\" \/><\/a>\n\t\t\t<\/dt>\n\t\t\t\t<dd class='wp-caption-text gallery-caption' id='gallery-6-140'>\n\t\t\t\tH\u00f3rreo\n\t\t\t\t<\/dd><\/dl><dl class='gallery-item'>\n\t\t\t<dt class='gallery-icon landscape'>\n\t\t\t\t<a href='https:\/\/valledeparedes.es\/?attachment_id=136'><img loading=\"lazy\" decoding=\"async\" width=\"150\" height=\"150\" src=\"https:\/\/valledeparedes.es\/wp-content\/uploads\/2013\/10\/artesania17-150x150.jpg\" class=\"attachment-thumbnail size-thumbnail\" alt=\"\" aria-describedby=\"gallery-6-136\" \/><\/a>\n\t\t\t<\/dt>\n\t\t\t\t<dd class='wp-caption-text gallery-caption' id='gallery-6-136'>\n\t\t\t\tH\u00f3rreo\n\t\t\t\t<\/dd><\/dl><br style=\"clear: both\" \/><dl class='gallery-item'>\n\t\t\t<dt class='gallery-icon portrait'>\n\t\t\t\t<a href='https:\/\/valledeparedes.es\/?attachment_id=138'><img loading=\"lazy\" decoding=\"async\" width=\"150\" height=\"150\" src=\"https:\/\/valledeparedes.es\/wp-content\/uploads\/2013\/10\/dscf3685-150x150.jpg\" class=\"attachment-thumbnail size-thumbnail\" alt=\"\" aria-describedby=\"gallery-6-138\" \/><\/a>\n\t\t\t<\/dt>\n\t\t\t\t<dd class='wp-caption-text gallery-caption' id='gallery-6-138'>\n\t\t\t\tPanera\n\t\t\t\t<\/dd><\/dl><dl class='gallery-item'>\n\t\t\t<dt class='gallery-icon landscape'>\n\t\t\t\t<a href='https:\/\/valledeparedes.es\/?attachment_id=137'><img loading=\"lazy\" decoding=\"async\" width=\"150\" height=\"150\" src=\"https:\/\/valledeparedes.es\/wp-content\/uploads\/2013\/10\/artesania1-150x150.jpg\" class=\"attachment-thumbnail size-thumbnail\" alt=\"\" aria-describedby=\"gallery-6-137\" \/><\/a>\n\t\t\t<\/dt>\n\t\t\t\t<dd class='wp-caption-text gallery-caption' id='gallery-6-137'>\n\t\t\t\tBarco\n\t\t\t\t<\/dd><\/dl><dl class='gallery-item'>\n\t\t\t<dt class='gallery-icon landscape'>\n\t\t\t\t<a href='https:\/\/valledeparedes.es\/?attachment_id=133'><img loading=\"lazy\" decoding=\"async\" width=\"150\" height=\"150\" src=\"https:\/\/valledeparedes.es\/wp-content\/uploads\/2013\/10\/artesania5-150x150.jpg\" class=\"attachment-thumbnail size-thumbnail\" alt=\"\" aria-describedby=\"gallery-6-133\" \/><\/a>\n\t\t\t<\/dt>\n\t\t\t\t<dd class='wp-caption-text gallery-caption' id='gallery-6-133'>\n\t\t\t\tBarco\n\t\t\t\t<\/dd><\/dl><br style=\"clear: both\" \/><dl class='gallery-item'>\n\t\t\t<dt class='gallery-icon landscape'>\n\t\t\t\t<a href='https:\/\/valledeparedes.es\/?attachment_id=132'><img loading=\"lazy\" decoding=\"async\" width=\"150\" height=\"150\" src=\"https:\/\/valledeparedes.es\/wp-content\/uploads\/2013\/10\/artesania4-150x150.jpg\" class=\"attachment-thumbnail size-thumbnail\" alt=\"\" aria-describedby=\"gallery-6-132\" \/><\/a>\n\t\t\t<\/dt>\n\t\t\t\t<dd class='wp-caption-text gallery-caption' id='gallery-6-132'>\n\t\t\t\tBarco\n\t\t\t\t<\/dd><\/dl><dl class='gallery-item'>\n\t\t\t<dt class='gallery-icon landscape'>\n\t\t\t\t<a href='https:\/\/valledeparedes.es\/?attachment_id=131'><img loading=\"lazy\" decoding=\"async\" width=\"150\" height=\"150\" src=\"https:\/\/valledeparedes.es\/wp-content\/uploads\/2013\/10\/artesania3-150x150.jpg\" class=\"attachment-thumbnail size-thumbnail\" alt=\"\" aria-describedby=\"gallery-6-131\" \/><\/a>\n\t\t\t<\/dt>\n\t\t\t\t<dd class='wp-caption-text gallery-caption' id='gallery-6-131'>\n\t\t\t\tCester\u00eda\n\t\t\t\t<\/dd><\/dl><dl class='gallery-item'>\n\t\t\t<dt class='gallery-icon landscape'>\n\t\t\t\t<a href='https:\/\/valledeparedes.es\/?attachment_id=134'><img loading=\"lazy\" decoding=\"async\" width=\"150\" height=\"150\" src=\"https:\/\/valledeparedes.es\/wp-content\/uploads\/2013\/10\/artesania12-150x150.jpg\" class=\"attachment-thumbnail size-thumbnail\" alt=\"\" aria-describedby=\"gallery-6-134\" \/><\/a>\n\t\t\t<\/dt>\n\t\t\t\t<dd class='wp-caption-text gallery-caption' id='gallery-6-134'>\n\t\t\t\tArca\n\t\t\t\t<\/dd><\/dl><br style=\"clear: both\" \/><dl class='gallery-item'>\n\t\t\t<dt class='gallery-icon portrait'>\n\t\t\t\t<a href='https:\/\/valledeparedes.es\/?attachment_id=135'><img loading=\"lazy\" decoding=\"async\" width=\"150\" height=\"150\" src=\"https:\/\/valledeparedes.es\/wp-content\/uploads\/2013\/10\/artesania13-150x150.jpg\" class=\"attachment-thumbnail size-thumbnail\" alt=\"\" \/><\/a>\n\t\t\t<\/dt><\/dl>\n\t\t\t<br style='clear: both' \/>\n\t\t<\/div>\n\n<p><span style=\"text-decoration: underline;\"><strong><span style=\"color: #339966; text-decoration: underline;\">Fauna y flora<\/span><\/strong><\/span><br \/>\nLa fauna y la flora completan este incomparable valle: casta\u00f1os, nogales, avellanos, \u00e1rboles frutales de todo tipo (manzanos, naranjos, perales, kiwis), extensas huertas de hortalizas, con importante presencia de fabas, patatas y ma\u00edz.<\/p>\n<p>En los montes del valle, proliferan especies como el corzo, el jabal\u00ed y el zorro, y en los r\u00edos salmones, truchas y nutrias.<br \/>\nAdem\u00e1s, el Valle de Paredes dispone de varias ganader\u00edas de vacuno, cuyas vacas se pueden ver pastando por lo prados, adem\u00e1s de ovejas, cabras y caballos.<\/p>\n","protected":false},"excerpt":{"rendered":"<p>Centro de Interpretaci\u00f3n de las Hoces del Esva Ir a la p\u00e1gina \u00abCentro de Interpretaci\u00f3n Hoces del Esva\u00ab. Dolmen y menhir En el Valle de Paredes se encuentran testimonios del pasado como el Dolmen de Restiello, situado en las proximidades de la Vega (acceso peatonal por el monte) , el Menhir en Ovienes y la [&hellip;]<\/p>\n","protected":false},"author":2,"featured_media":0,"parent":0,"menu_order":2,"comment_status":"open","ping_status":"open","template":"","meta":{"footnotes":""},"class_list":["post-7","page","type-page","status-publish","hentry"],"aioseo_notices":[],"_links":{"self":[{"href":"https:\/\/valledeparedes.es\/index.php?rest_route=\/wp\/v2\/pages\/7","targetHints":{"allow":["GET"]}}],"collection":[{"href":"https:\/\/valledeparedes.es\/index.php?rest_route=\/wp\/v2\/pages"}],"about":[{"href":"https:\/\/valledeparedes.es\/index.php?rest_route=\/wp\/v2\/types\/page"}],"author":[{"embeddable":true,"href":"https:\/\/valledeparedes.es\/index.php?rest_route=\/wp\/v2\/users\/2"}],"replies":[{"embeddable":true,"href":"https:\/\/valledeparedes.es\/index.php?rest_route=%2Fwp%2Fv2%2Fcomments&post=7"}],"version-history":[{"count":1,"href":"https:\/\/valledeparedes.es\/index.php?rest_route=\/wp\/v2\/pages\/7\/revisions"}],"predecessor-version":[{"id":1670,"href":"https:\/\/valledeparedes.es\/index.php?rest_route=\/wp\/v2\/pages\/7\/revisions\/1670"}],"wp:attachment":[{"href":"https:\/\/valledeparedes.es\/index.php?rest_route=%2Fwp%2Fv2%2Fmedia&parent=7"}],"curies":[{"name":"wp","href":"https:\/\/api.w.org\/{rel}","templated":true}]}}