{"id":9,"date":"2013-09-19T20:13:30","date_gmt":"2013-09-19T20:13:30","guid":{"rendered":"http:\/\/valledeparedes.wordpress.com\/?page_id=9"},"modified":"2013-09-19T20:13:30","modified_gmt":"2013-09-19T20:13:30","slug":"centro-de-interpretacion-hoces-del-esva","status":"publish","type":"page","link":"https:\/\/valledeparedes.es\/?page_id=9","title":{"rendered":"Centro Interpretaci\u00f3n Hoces del Esva"},"content":{"rendered":"<p>El Centro de Interpretaci\u00f3n de las Hoces del Esva, situado en las antiguas escuelas de Ag\u00fcera, ofrece al visitante un recorrido al entorno del Paisaje Protegido de la Cuenca del Esva, definido Monumento Natural, con especial hincapi\u00e9 en algunas de las especies m\u00e1s representativas, como la nutria, bioindicador de la calidad del ecosistema.<\/p>\n<p>Adem\u00e1s, el equipamiento ofrece al visitante una visi\u00f3n del Valle de Paredes, resaltando su riqueza natural, art\u00edstica y humana, las reivindicaciones de los vecinos contra la apertura de una mina de feldespato y la concesi\u00f3n del premio al \u00abPueblo Ejemplar\u00bb de Asturias en 2001.<\/p>\n<p>En la planta baja se ofrece una proyecci\u00f3n con una aproximaci\u00f3n a la historia del Valle que ha contado con una poblaci\u00f3n cont\u00ednua desde el paleol\u00edtico que se puede ver en los restos de castros, d\u00f3lmenes y menhires, as\u00ed como ruinas romanas que lo confirman.<br \/>\nTambi\u00e9n en la planta baja, dos ordenadores interactivos con simulaci\u00f3n de vuelo en 3D, permiten un recorrido a\u00e9reo por todos los pueblos que recorre la cuenca del r\u00edo Esva.<br \/>\nEn la planta segunda, unos monitores, nos permiten conocer todo el ecosistema del r\u00edo Esva y su ribera. Adem\u00e1s de la flora variada, podemos contemplar tritones, anguilas, truchas, salmones, lagartos y diferentes animales que conviven en su bosque e inmediaciones.<\/p>\n<p>Est\u00e1 recomendado para todas las personas que quieran tener un conocimiento m\u00e1s profundo de nuestro valle, su historia y el entorno del R\u00edo Esva y sus Hoces. Si lo precisan, pueden ser acompa\u00f1ados por un gu\u00eda avisando previamente.<\/p>\n<p>Informaci\u00f3n: aa.vv.paredes@hotmail.com<\/p>\n<p><iframe loading=\"lazy\" title=\"Hoces del Esva, Vald\u00e9s-Comarca Vaqueira\" width=\"1600\" height=\"900\" src=\"https:\/\/www.youtube.com\/embed\/6NINWztmG60?feature=oembed\" frameborder=\"0\" allow=\"accelerometer; autoplay; clipboard-write; encrypted-media; gyroscope; picture-in-picture; web-share\" allowfullscreen><\/iframe><\/p>\n\n\t\t<style type=\"text\/css\">\n\t\t\t#gallery-1 {\n\t\t\t\tmargin: auto;\n\t\t\t}\n\t\t\t#gallery-1 .gallery-item {\n\t\t\t\tfloat: left;\n\t\t\t\tmargin-top: 10px;\n\t\t\t\ttext-align: center;\n\t\t\t\twidth: 33%;\n\t\t\t}\n\t\t\t#gallery-1 img {\n\t\t\t\tborder: 2px solid #cfcfcf;\n\t\t\t}\n\t\t\t#gallery-1 .gallery-caption {\n\t\t\t\tmargin-left: 0;\n\t\t\t}\n\t\t\t\/* see gallery_shortcode() in wp-includes\/media.php *\/\n\t\t<\/style>\n\t\t<div id='gallery-1' class='gallery galleryid-9 gallery-columns-3 gallery-size-thumbnail'><dl class='gallery-item'>\n\t\t\t<dt class='gallery-icon landscape'>\n\t\t\t\t<a href='https:\/\/valledeparedes.es\/?attachment_id=147'><img loading=\"lazy\" decoding=\"async\" width=\"150\" height=\"150\" src=\"https:\/\/valledeparedes.es\/wp-content\/uploads\/2013\/10\/centro_inter_delantera-150x150.jpg\" class=\"attachment-thumbnail size-thumbnail\" alt=\"\" \/><\/a>\n\t\t\t<\/dt><\/dl><dl class='gallery-item'>\n\t\t\t<dt class='gallery-icon landscape'>\n\t\t\t\t<a href='https:\/\/valledeparedes.es\/?attachment_id=146'><img loading=\"lazy\" decoding=\"async\" width=\"150\" height=\"150\" src=\"https:\/\/valledeparedes.es\/wp-content\/uploads\/2013\/10\/centro_inter-150x150.jpg\" class=\"attachment-thumbnail size-thumbnail\" alt=\"\" \/><\/a>\n\t\t\t<\/dt><\/dl><dl class='gallery-item'>\n\t\t\t<dt class='gallery-icon portrait'>\n\t\t\t\t<a href='https:\/\/valledeparedes.es\/?attachment_id=148'><img loading=\"lazy\" decoding=\"async\" width=\"150\" height=\"150\" src=\"https:\/\/valledeparedes.es\/wp-content\/uploads\/2013\/10\/dscf3610-150x150.jpg\" class=\"attachment-thumbnail size-thumbnail\" alt=\"\" \/><\/a>\n\t\t\t<\/dt><\/dl><br style=\"clear: both\" \/>\n\t\t<\/div>\n\n","protected":false},"excerpt":{"rendered":"<p>El Centro de Interpretaci\u00f3n de las Hoces del Esva, situado en las antiguas escuelas de Ag\u00fcera, ofrece al visitante un recorrido al entorno del Paisaje Protegido de la Cuenca del Esva, definido Monumento Natural, con especial hincapi\u00e9 en algunas de las especies m\u00e1s representativas, como la nutria, bioindicador de la calidad del ecosistema. Adem\u00e1s, el [&hellip;]<\/p>\n","protected":false},"author":2,"featured_media":0,"parent":0,"menu_order":4,"comment_status":"open","ping_status":"closed","template":"","meta":{"footnotes":""},"class_list":["post-9","page","type-page","status-publish","hentry"],"aioseo_notices":[],"_links":{"self":[{"href":"https:\/\/valledeparedes.es\/index.php?rest_route=\/wp\/v2\/pages\/9","targetHints":{"allow":["GET"]}}],"collection":[{"href":"https:\/\/valledeparedes.es\/index.php?rest_route=\/wp\/v2\/pages"}],"about":[{"href":"https:\/\/valledeparedes.es\/index.php?rest_route=\/wp\/v2\/types\/page"}],"author":[{"embeddable":true,"href":"https:\/\/valledeparedes.es\/index.php?rest_route=\/wp\/v2\/users\/2"}],"replies":[{"embeddable":true,"href":"https:\/\/valledeparedes.es\/index.php?rest_route=%2Fwp%2Fv2%2Fcomments&post=9"}],"version-history":[{"count":0,"href":"https:\/\/valledeparedes.es\/index.php?rest_route=\/wp\/v2\/pages\/9\/revisions"}],"wp:attachment":[{"href":"https:\/\/valledeparedes.es\/index.php?rest_route=%2Fwp%2Fv2%2Fmedia&parent=9"}],"curies":[{"name":"wp","href":"https:\/\/api.w.org\/{rel}","templated":true}]}}